 {"id":1213,"date":"2021-03-16T02:11:04","date_gmt":"2021-03-16T02:11:04","guid":{"rendered":"http:\/\/kho4.khomaudeprt.com\/haroo\/?page_id=1213"},"modified":"2021-03-19T08:29:31","modified_gmt":"2021-03-19T08:29:31","slug":"on-air","status":"publish","type":"page","link":"http:\/\/kho4.khomaudeprt.com\/haroo\/?page_id=1213","title":{"rendered":"On Air"},"content":{"rendered":"\t\t<div data-elementor-type=\"wp-page\" data-elementor-id=\"1213\" class=\"elementor elementor-1213\" data-elementor-settings=\"[]\">\n\t\t\t<div class=\"elementor-inner\">\n\t\t\t\t<div class=\"elementor-section-wrap\">\n\t\t\t\t\t\t\t<section class=\"elementor-element elementor-element-0a8eee0 elementor-section-stretched on_air elementor-section-full_width elementor-section-height-default elementor-section-height-default elementor-section elementor-top-section\" data-id=\"0a8eee0\" data-element_type=\"section\" data-settings=\"{&quot;stretch_section&quot;:&quot;section-stretched&quot;}\">\n\t\t\t\t\t\t<div class=\"elementor-container elementor-column-gap-no\">\n\t\t\t\t<div class=\"elementor-row\">\n\t\t\t\t<div class=\"elementor-element elementor-element-e8bec74 elementor-column elementor-col-100 elementor-top-column\" data-id=\"e8bec74\" data-element_type=\"column\">\n\t\t\t<div class=\"elementor-column-wrap  elementor-element-populated\">\n\t\t\t\t\t<div class=\"elementor-widget-wrap\">\n\t\t\t\t<section class=\"elementor-element elementor-element-baa1761 elementor-section-boxed elementor-section-height-default elementor-section-height-default elementor-section elementor-inner-section\" data-id=\"baa1761\" data-element_type=\"section\">\n\t\t\t\t\t\t<div class=\"elementor-container elementor-column-gap-default\">\n\t\t\t\t<div class=\"elementor-row\">\n\t\t\t\t<div class=\"elementor-element elementor-element-1d47390 elementor-column elementor-col-100 elementor-inner-column\" data-id=\"1d47390\" data-element_type=\"column\">\n\t\t\t<div class=\"elementor-column-wrap  elementor-element-populated\">\n\t\t\t\t\t<div class=\"elementor-widget-wrap\">\n\t\t\t\t<div class=\"elementor-element elementor-element-0adc48d elementor-position-left elementor-vertical-align-top elementor-widget elementor-widget-image-box\" data-id=\"0adc48d\" data-element_type=\"widget\" data-widget_type=\"image-box.default\">\n\t\t\t\t<div class=\"elementor-widget-container\">\n\t\t\t<div class=\"elementor-image-box-wrapper\"><figure class=\"elementor-image-box-img\"><a href=\"http:\/\/kho4.khomaudeprt.com\/haroo\/project\/haroo-friends-english\/\"><img width=\"800\" height=\"450\" src=\"http:\/\/kho4.khomaudeprt.com\/haroo\/wp-content\/uploads\/2021\/03\/haroofriendsenglish1.png\" class=\"attachment-full size-full\" alt=\"\" loading=\"lazy\" srcset=\"http:\/\/kho4.khomaudeprt.com\/haroo\/wp-content\/uploads\/2021\/03\/haroofriendsenglish1.png 800w, http:\/\/kho4.khomaudeprt.com\/haroo\/wp-content\/uploads\/2021\/03\/haroofriendsenglish1-711x400.png 711w, http:\/\/kho4.khomaudeprt.com\/haroo\/wp-content\/uploads\/2021\/03\/haroofriendsenglish1-768x432.png 768w, http:\/\/kho4.khomaudeprt.com\/haroo\/wp-content\/uploads\/2021\/03\/haroofriendsenglish1-600x338.png 600w\" sizes=\"(max-width: 800px) 100vw, 800px\" \/><\/a><\/figure><div class=\"elementor-image-box-content\"><h3 class=\"elementor-image-box-title\"><a href=\"http:\/\/kho4.khomaudeprt.com\/haroo\/project\/haroo-friends-english\/\">Haroo friends English<\/a><\/h3><p class=\"elementor-image-box-description\">Haroo friends English l\u00e0 ch\u01b0\u01a1ng tr\u00ecnh h\u1ecdc ti\u1ebfng anh d\u00e0nh cho tr\u1ebb em th\u00f4ng qua nh\u1eefng t\u00ecnh hu\u1ed1ng, nh\u1eefng b\u00e0i h\u00e1t v\u00e0 b\u00e0i chant th\u00fa v\u1ecb xoay quanh cu\u1ed9c s\u1ed1ng c\u1ee7a Haroo c\u00f9ng nh\u1eefng ng\u01b0\u1eddi b\u1ea1n th\u00e2n thi\u1ebft.<\/p><\/div><\/div>\t\t<\/div>\n\t\t\t\t<\/div>\n\t\t\t\t<div class=\"elementor-element elementor-element-842e97f elementor-position-left elementor-vertical-align-top elementor-widget elementor-widget-image-box\" data-id=\"842e97f\" data-element_type=\"widget\" data-widget_type=\"image-box.default\">\n\t\t\t\t<div class=\"elementor-widget-container\">\n\t\t\t<div class=\"elementor-image-box-wrapper\"><figure class=\"elementor-image-box-img\"><a href=\"http:\/\/kho4.khomaudeprt.com\/haroo\/project\/video-demo-on-air\/\"><img width=\"370\" height=\"295\" src=\"http:\/\/kho4.khomaudeprt.com\/haroo\/wp-content\/uploads\/2021\/03\/bv3.png\" class=\"attachment-full size-full\" alt=\"\" loading=\"lazy\" \/><\/a><\/figure><div class=\"elementor-image-box-content\"><h3 class=\"elementor-image-box-title\"><a href=\"http:\/\/kho4.khomaudeprt.com\/haroo\/project\/video-demo-on-air\/\">Khoa h\u1ecdc di\u1ec7u k\u1ef3<\/a><\/h3><p class=\"elementor-image-box-description\">Facebook is one of the most popular and biggest social media globally that most of the people worldwide use and access everyday. It provide us with smart and convenient features that help us connect to the outside world without going anywhere but stay at home or office only; morever, people nowadays can work and study [\u2026]<br>\n<a href=\"http:\/\/kho4.khomaudeprt.com\/haroo\/project\/video-demo-on-air\/\">Xem th\u00eam<\/a><\/p><\/div><\/div>\t\t<\/div>\n\t\t\t\t<\/div>\n\t\t\t\t<div class=\"elementor-element elementor-element-e756a08 elementor-position-left elementor-vertical-align-top elementor-widget elementor-widget-image-box\" data-id=\"e756a08\" data-element_type=\"widget\" data-widget_type=\"image-box.default\">\n\t\t\t\t<div class=\"elementor-widget-container\">\n\t\t\t<div class=\"elementor-image-box-wrapper\"><figure class=\"elementor-image-box-img\"><a href=\"http:\/\/kho4.khomaudeprt.com\/haroo\/project\/video-demo-on-air\/\"><img width=\"370\" height=\"295\" src=\"http:\/\/kho4.khomaudeprt.com\/haroo\/wp-content\/uploads\/2021\/03\/bv3.png\" class=\"attachment-full size-full\" alt=\"\" loading=\"lazy\" \/><\/a><\/figure><div class=\"elementor-image-box-content\"><h3 class=\"elementor-image-box-title\"><a href=\"http:\/\/kho4.khomaudeprt.com\/haroo\/project\/video-demo-on-air\/\">Video on air<\/a><\/h3><p class=\"elementor-image-box-description\">Facebook is one of the most popular and biggest social media globally that most of the people worldwide use and access everyday. It provide us with smart and convenient features that help us connect to the outside world without going anywhere but stay at home or office only; morever, people nowadays can work and study [\u2026]<br>\n<a href=\"http:\/\/kho4.khomaudeprt.com\/haroo\/project\/video-demo-on-air\/\">Xem th\u00eam<\/a><\/p><\/div><\/div>\t\t<\/div>\n\t\t\t\t<\/div>\n\t\t\t\t<div class=\"elementor-element elementor-element-5691198 elementor-position-left elementor-vertical-align-top elementor-widget elementor-widget-image-box\" data-id=\"5691198\" data-element_type=\"widget\" data-widget_type=\"image-box.default\">\n\t\t\t\t<div class=\"elementor-widget-container\">\n\t\t\t<div class=\"elementor-image-box-wrapper\"><figure class=\"elementor-image-box-img\"><a href=\"http:\/\/kho4.khomaudeprt.com\/haroo\/project\/video-demo-on-air\/\"><img width=\"370\" height=\"295\" src=\"http:\/\/kho4.khomaudeprt.com\/haroo\/wp-content\/uploads\/2021\/03\/bv3.png\" class=\"attachment-full size-full\" alt=\"\" loading=\"lazy\" \/><\/a><\/figure><div class=\"elementor-image-box-content\"><h3 class=\"elementor-image-box-title\"><a href=\"http:\/\/kho4.khomaudeprt.com\/haroo\/project\/video-demo-on-air\/\">Video on air<\/a><\/h3><p class=\"elementor-image-box-description\">Facebook is one of the most popular and biggest social media globally that most of the people worldwide use and access everyday. It provide us with smart and convenient features that help us connect to the outside world without going anywhere but stay at home or office only; morever, people nowadays can work and study [\u2026]<br>\n<a href=\"http:\/\/kho4.khomaudeprt.com\/haroo\/project\/video-demo-on-air\/\">Xem th\u00eam<\/a><\/p><\/div><\/div>\t\t<\/div>\n\t\t\t\t<\/div>\n\t\t\t\t<div class=\"elementor-element elementor-element-cf5eeaa elementor-position-left elementor-vertical-align-top elementor-widget elementor-widget-image-box\" data-id=\"cf5eeaa\" data-element_type=\"widget\" data-widget_type=\"image-box.default\">\n\t\t\t\t<div class=\"elementor-widget-container\">\n\t\t\t<div class=\"elementor-image-box-wrapper\"><figure class=\"elementor-image-box-img\"><a href=\"http:\/\/kho4.khomaudeprt.com\/haroo\/project\/video-demo-on-air\/\"><img width=\"370\" height=\"295\" src=\"http:\/\/kho4.khomaudeprt.com\/haroo\/wp-content\/uploads\/2021\/03\/bv3.png\" class=\"attachment-full size-full\" alt=\"\" loading=\"lazy\" \/><\/a><\/figure><div class=\"elementor-image-box-content\"><h3 class=\"elementor-image-box-title\"><a href=\"http:\/\/kho4.khomaudeprt.com\/haroo\/project\/video-demo-on-air\/\">Video on air<\/a><\/h3><p class=\"elementor-image-box-description\">Facebook is one of the most popular and biggest social media globally that most of the people worldwide use and access everyday. It provide us with smart and convenient features that help us connect to the outside world without going anywhere but stay at home or office only; morever, people nowadays can work and study [\u2026]<br>\n<a href=\"http:\/\/kho4.khomaudeprt.com\/haroo\/project\/video-demo-on-air\/\">Xem th\u00eam<\/a><\/p><\/div><\/div>\t\t<\/div>\n\t\t\t\t<\/div>\n\t\t\t\t\t\t<\/div>\n\t\t\t<\/div>\n\t\t<\/div>\n\t\t\t\t\t\t<\/div>\n\t\t\t<\/div>\n\t\t<\/section>\n\t\t\t\t\t\t<\/div>\n\t\t\t<\/div>\n\t\t<\/div>\n\t\t\t\t\t\t<\/div>\n\t\t\t<\/div>\n\t\t<\/section>\n\t\t\t\t\t\t<\/div>\n\t\t\t<\/div>\n\t\t<\/div>\n\t\t","protected":false},"excerpt":{"rendered":"<p>Haroo friends English Haroo friends English l\u00e0 ch\u01b0\u01a1ng tr\u00ecnh h\u1ecdc ti\u1ebfng anh d\u00e0nh cho tr\u1ebb em th\u00f4ng qua nh\u1eefng t\u00ecnh hu\u1ed1ng, nh\u1eefng b\u00e0i h\u00e1t v\u00e0 b\u00e0i chant th\u00fa v\u1ecb xoay quanh cu\u1ed9c s\u1ed1ng c\u1ee7a Haroo c\u00f9ng nh\u1eefng ng\u01b0\u1eddi b\u1ea1n th\u00e2n thi\u1ebft. Khoa h\u1ecdc di\u1ec7u k\u1ef3 Facebook is one of the most popular and biggest social [&#8230;]\n","protected":false},"author":1,"featured_media":0,"parent":0,"menu_order":0,"comment_status":"closed","ping_status":"closed","template":"page-blank.php","meta":[],"_links":{"self":[{"href":"http:\/\/kho4.khomaudeprt.com\/haroo\/index.php?rest_route=\/wp\/v2\/pages\/1213"}],"collection":[{"href":"http:\/\/kho4.khomaudeprt.com\/haroo\/index.php?rest_route=\/wp\/v2\/pages"}],"about":[{"href":"http:\/\/kho4.khomaudeprt.com\/haroo\/index.php?rest_route=\/wp\/v2\/types\/page"}],"author":[{"embeddable":true,"href":"http:\/\/kho4.khomaudeprt.com\/haroo\/index.php?rest_route=\/wp\/v2\/users\/1"}],"replies":[{"embeddable":true,"href":"http:\/\/kho4.khomaudeprt.com\/haroo\/index.php?rest_route=%2Fwp%2Fv2%2Fcomments&post=1213"}],"version-history":[{"count":16,"href":"http:\/\/kho4.khomaudeprt.com\/haroo\/index.php?rest_route=\/wp\/v2\/pages\/1213\/revisions"}],"predecessor-version":[{"id":1487,"href":"http:\/\/kho4.khomaudeprt.com\/haroo\/index.php?rest_route=\/wp\/v2\/pages\/1213\/revisions\/1487"}],"wp:attachment":[{"href":"http:\/\/kho4.khomaudeprt.com\/haroo\/index.php?rest_route=%2Fwp%2Fv2%2Fmedia&parent=1213"}],"curies":[{"name":"wp","href":"https:\/\/api.w.org\/{rel}","templated":true}]}}