 {"id":1201,"date":"2021-03-15T09:32:13","date_gmt":"2021-03-15T09:32:13","guid":{"rendered":"http:\/\/kho4.khomaudeprt.com\/haroo\/?post_type=product&#038;p=1201"},"modified":"2021-07-09T09:47:26","modified_gmt":"2021-07-09T09:47:26","slug":"face-mask-set-1","status":"publish","type":"product","link":"http:\/\/kho4.khomaudeprt.com\/haroo\/?product=face-mask-set-1","title":{"rendered":"Face Mask Set 1"},"content":{"rendered":"<div dir=\"auto\">Kh\u1ea9u trang kh\u00e1ng khu\u1ea9n ATB &#8211; UV+ Haroo friends H\u00e0n Qu\u1ed1c<\/div>\n<div dir=\"auto\">Th\u00e0nh ph\u1ea7n: Kh\u1ea9u trang y t\u1ebf kh\u00e1ng khu\u1ea9n tr\u1ebb em Haroo friends bao g\u1ed3m:<\/div>\n<div dir=\"auto\">\u2022 L\u1edbp v\u1ea3i l\u1ecdc PP m\u1eb7t ngo\u00e0i b\u00f3ng m\u1ecbn, m\u00e0u s\u1eafc trang nh\u00e3, m\u1ec1m m\u1ea1i, c\u00f3 \u0111\u1eb7c t\u00ednh l\u1ecdc b\u1ee5i, ch\u1ed1ng th\u1ea5m, gi\u00fap ng\u0103n c\u1ea3n c\u00e1c h\u1ea1t ch\u1ea5t l\u1ecfng v\u0103ng ra khi ng\u01b0\u1eddi b\u1ec7nh h\u1eaft-x\u00ec, ho.<\/div>\n<div dir=\"auto\">\u2022 L\u1edbp s\u1ee3i b\u00f4ng c\u00f3 ch\u1ee9c n\u0103ng kh\u00e1ng khu\u1ea9n, l\u1ecdc b\u1ee5i si\u00eau m\u1ecbn, kh\u1eed m\u00f9i v\u00e0 th\u1ea5m h\u00fat v\u00e0 kh\u00f4 nhanh m\u1ed3 h\u00f4i 99,9% nh\u1edd ch\u1ea5t Nano kh\u00e1ng khu\u1ea9n g\u1ed1c b\u1ea1c v\u00e0 ch\u1ed1ng tia c\u1ef1c t\u00edm ATB- UV+<\/div>\n<div dir=\"auto\">\u2022 M\u1eb7t trong tinh khi\u1ebft, m\u1ecbn m\u00e0ng, kh\u00f4ng l\u00f4ng t\u01a1 g\u00e2y ng\u1ee9a, kh\u00f4ng g\u00e2y d\u1ecb \u1ee9ng, \u0111\u1eb7c bi\u1ec7t an to\u00e0n \u0111\u1ed1i v\u1edbi l\u00e0n da nh\u1ea1y c\u1ea3m c\u1ee7a tr\u1ebb em.<\/div>\n<div dir=\"auto\">\u2022 S\u1ea3n ph\u1ea9m \u0111\u1ea1t ti\u00eau chu\u1ea9n \u0111\u00e3 \u0111\u01b0\u1ee3c ki\u1ec3m \u0111\u1ecbnh b\u1edfi Vi\u1ec7n nghi\u00ean c\u1ee9u th\u1eed nghi\u1ec7m Katri H\u00e0n Qu\u1ed1c.<\/div>\n<div dir=\"auto\">M\u00e0u s\u1eafc: H\u1ed3ng, V\u00e0ng, Xanh ph\u00f9 h\u1ee3p cho c\u1ea3 b\u00e9 trai v\u00e0 b\u00e9 g\u00e1i.<\/div>\n<div dir=\"auto\">S\u1ed1 l\u01b0\u1ee3ng 1 set: 2 chi\u1ebfc\/ set<\/div>\n<div dir=\"auto\">\u0110\u1ed9 tu\u1ed5i: Ph\u00f9 h\u1ee3p cho tr\u1ebb 2-6 tu\u1ed5i<\/div>\n<div dir=\"auto\">\u0110i\u1ec3m \u01b0u vi\u1ec7t<\/div>\n<div dir=\"auto\">\u2022 \u0110\u00e0n h\u1ed3i t\u1ed1t: Co gi\u00e3n t\u1ed1t v\u00e0 t\u1ea1o s\u1ef1 tho\u1ea3i m\u00e1i cho ng\u01b0\u1eddi s\u1eed d\u1ee5ng.<\/div>\n<div dir=\"auto\">\u2022 T\u00e1c d\u1ee5ng kh\u00e1ng khu\u1ea9n: Ng\u0103n ch\u1eb7n s\u1ef1 l\u00e2y lan c\u1ee7a vi khu\u1ea9n <a href=\"https:\/\/nyproducts.org\/\">nyproducts<\/a> c\u00f3 h\u1ea1i cho c\u01a1 th\u1ec3<\/div>\n<div dir=\"auto\">\u2022 Ch\u1ed1ng tia c\u1ef1c t\u00edm: B\u1ea3o v\u1ec7 da kh\u1ecfi tia UV<\/div>\n<div dir=\"auto\">\u2022 H\u00fat \u1ea5m nhanh kh\u00f4: Th\u1ea5m h\u00fat m\u1ed3 h\u00f4i nhanh ch\u00f3ng v\u00e0 mau kh\u00f4<\/div>\n","protected":false},"excerpt":{"rendered":"<p>Kh\u1ea9u trang kh\u00e1ng khu\u1ea9n ATB &#8211; UV+ Haroo friends H\u00e0n Qu\u1ed1c Th\u00e0nh ph\u1ea7n: Kh\u1ea9u trang y t\u1ebf kh\u00e1ng khu\u1ea9n tr\u1ebb em Haroo friends bao g\u1ed3m: \u2022 L\u1edbp v\u1ea3i l\u1ecdc PP m\u1eb7t ngo\u00e0i b\u00f3ng m\u1ecbn, m\u00e0u s\u1eafc trang nh\u00e3, m\u1ec1m m\u1ea1i, c\u00f3 \u0111\u1eb7c t\u00ednh l\u1ecdc b\u1ee5i, ch\u1ed1ng th\u1ea5m, gi\u00fap ng\u0103n c\u1ea3n c\u00e1c h\u1ea1t ch\u1ea5t l\u1ecfng v\u0103ng [&#8230;]\n","protected":false},"featured_media":1685,"comment_status":"open","ping_status":"closed","template":"","meta":[],"_links":{"self":[{"href":"http:\/\/kho4.khomaudeprt.com\/haroo\/index.php?rest_route=\/wp\/v2\/product\/1201"}],"collection":[{"href":"http:\/\/kho4.khomaudeprt.com\/haroo\/index.php?rest_route=\/wp\/v2\/product"}],"about":[{"href":"http:\/\/kho4.khomaudeprt.com\/haroo\/index.php?rest_route=\/wp\/v2\/types\/product"}],"replies":[{"embeddable":true,"href":"http:\/\/kho4.khomaudeprt.com\/haroo\/index.php?rest_route=%2Fwp%2Fv2%2Fcomments&post=1201"}],"wp:featuredmedia":[{"embeddable":true,"href":"http:\/\/kho4.khomaudeprt.com\/haroo\/index.php?rest_route=\/wp\/v2\/media\/1685"}],"wp:attachment":[{"href":"http:\/\/kho4.khomaudeprt.com\/haroo\/index.php?rest_route=%2Fwp%2Fv2%2Fmedia&parent=1201"}],"curies":[{"name":"wp","href":"https:\/\/api.w.org\/{rel}","templated":true}]}}